{"id":790,"date":"2021-09-18T10:41:10","date_gmt":"2021-09-18T10:41:10","guid":{"rendered":"https:\/\/stage.startertemplatecloud.com\/g15\/?page_id=790"},"modified":"2025-09-13T15:05:55","modified_gmt":"2025-09-13T19:05:55","slug":"contact","status":"publish","type":"page","link":"https:\/\/servitiq.ca\/en\/contact\/","title":{"rendered":"Contact"},"content":{"rendered":"<div class=\"wp-block-kadence-column kadence-column790_b09703-0c inner-column-1\"><div class=\"kt-inside-inner-col\">\n<h1 class=\"wp-block-heading has-text-align-center has--font-size\">Contactez-nous<\/h1>\n\n\n\n<p class=\"kt-adv-heading790_f4d0e1-49 wp-block-kadence-advancedheading\" data-kb-block=\"kb-adv-heading790_f4d0e1-49\">Vous avez une question ?<br>N\u2019h\u00e9sitez pas \u00e0 nous contacter.<\/p>\n<\/div><\/div>\n\n\n\n\n\n<div class=\"wp-block-kadence-column kadence-column790_ec52c8-49 inner-column-1\"><div class=\"kt-inside-inner-col\">\n<h2 class=\"kt-adv-heading790_a7c12c-a1 wp-block-kadence-advancedheading\" data-kb-block=\"kb-adv-heading790_a7c12c-a1\">Trois fa\u00e7ons de nous joindre<\/h2>\n\n\n\n<p class=\"kt-adv-heading790_c2329b-8f wp-block-kadence-advancedheading\" data-kb-block=\"kb-adv-heading790_c2329b-8f\"><strong>Ventes &amp; conseils (PME)<\/strong><br>Besoin d\u2019un avis, d\u2019une soumission ou d\u2019une migration ?<br><a href=\"mailto:info@servicestechnologiquesam.ca\">info@servicestechnologiquesam.ca<\/a><br><strong>514-800-7886<\/strong><\/p>\n\n\n\n<p class=\"kt-adv-heading790_375c82-b6 wp-block-kadence-advancedheading\" data-kb-block=\"kb-adv-heading790_375c82-b6\"><strong>Support technique (clients)<\/strong><br>Pour une demande au support technique ou un incident en cours.<br><a href=\"mailto:support@servicestechnologiquesam.ca\">support@servicestechnologiquesam.ca<\/a><br><strong><strong>514-800-7886<\/strong><\/strong><\/p>\n\n\n\n<p class=\"kt-adv-heading790_732227-87 wp-block-kadence-advancedheading\" data-kb-block=\"kb-adv-heading790_732227-87\"><strong><strong>Urgences 24\/7 (selon contrat)<\/strong><\/strong><br>Ransomware, panne critique, site indisponible ? On isole, on restaure, on remet en service.<br><a href=\"mailto:support@servicestechnologiquesam.ca\">support@servicestechnologiquesam.ca<\/a><br><strong><strong>514-800-7886<\/strong><\/strong><br><em>(Hors contrat : meilleur effort et tarification d\u2019urgence.)<\/em><\/p>\n\n\n\n\n<div class=\"wp-block-kadence-column kadence-column790_6f4f73-00 inner-column-1\"><div class=\"kt-inside-inner-col\">\n<p class=\"kt-adv-heading790_70c05c-4c wp-block-kadence-advancedheading\" data-kb-block=\"kb-adv-heading790_70c05c-4c\">M\u00e9dias sociaux:<\/p>\n<\/div><\/div>\n\n\n\n<div class=\"wp-block-kadence-column kadence-column790_f47118-1e kb-section-dir-vertical inner-column-2\"><div class=\"kt-inside-inner-col\">\n<div class=\"wp-block-kadence-advancedbtn kb-buttons-wrap kb-btns790_63f719-c1\">\n\n\n\n<\/div>\n<\/div><\/div>\n\n<\/div><\/div>\n\n\n\n<div class=\"wp-block-kadence-column kadence-column790_de305d-18 inner-column-2\"><div class=\"kt-inside-inner-col\"><\/div><\/div>\n\n\n\n<div class=\"wp-block-kadence-column kadence-column790_bd0efa-e7\"><div class=\"kt-inside-inner-col\"><\/div><\/div>\n\n\n\n\n\n<div class=\"wp-block-kadence-column kadence-column790_afa6d8-e3 inner-column-1\"><div class=\"kt-inside-inner-col\">\n\n<div class=\"wp-block-kadence-column kadence-column790_360fd3-20 inner-column-1\"><div class=\"kt-inside-inner-col\">\n<h2 class=\"kt-adv-heading790_0d0b34-be wp-block-kadence-advancedheading\" data-kb-block=\"kb-adv-heading790_0d0b34-be\">Foire aux questions (rapide)<\/h2>\n\n\n\n<p class=\"kt-adv-heading790_c84e4c-34 wp-block-kadence-advancedheading\" data-kb-block=\"kb-adv-heading790_c84e4c-34\"><\/p>\n<\/div><\/div>\n\n\n\n\n<div class=\"wp-block-kadence-accordion alignnone\"><div class=\"kt-accordion-wrap kt-accordion-id790_35a79f-e1 kt-accordion-has-11-panes kt-active-pane-0 kt-accordion-block kt-pane-header-alignment-left kt-accodion-icon-style-arrow kt-accodion-icon-side-right\" style=\"max-width:none\"><div class=\"kt-accordion-inner-wrap\" data-allow-multiple-open=\"false\" data-start-open=\"0\">\n<div class=\"wp-block-kadence-pane kt-accordion-pane kt-accordion-pane-6 kt-pane790_22aeac-06\"><div class=\"kt-accordion-header-wrap\"><button class=\"kt-blocks-accordion-header kt-acccordion-button-label-show\" type=\"button\"><span class=\"kt-blocks-accordion-title-wrap\"><span class=\"kt-blocks-accordion-title\"><strong>Quel est votre d\u00e9lai de r\u00e9ponse ?<\/strong><\/span><\/span><span class=\"kt-blocks-accordion-icon-trigger\"><\/span><\/button><\/div><div class=\"kt-accordion-panel\"><div class=\"kt-accordion-panel-inner\">\n<p>Dans la plupart des cas, <strong>&lt; 2 heures ouvrables<\/strong> pour un premier retour, et plus vite pour les incidents critiques.<\/p>\n<\/div><\/div><\/div>\n\n\n\n<div class=\"wp-block-kadence-pane kt-accordion-pane kt-accordion-pane-7 kt-pane790_d2af88-67\"><div class=\"kt-accordion-header-wrap\"><button class=\"kt-blocks-accordion-header kt-acccordion-button-label-show\" type=\"button\"><span class=\"kt-blocks-accordion-title-wrap\"><span class=\"kt-blocks-accordion-title\"><strong>Intervenez-vous sur place ?<\/strong><\/span><\/span><span class=\"kt-blocks-accordion-icon-trigger\"><\/span><\/button><\/div><div class=\"kt-accordion-panel\"><div class=\"kt-accordion-panel-inner\">\n<p>Oui, selon le besoin et la r\u00e9gion. La majorit\u00e9 des demandes se r\u00e8glent <strong>\u00e0 distance<\/strong> plus rapidement.<\/p>\n<\/div><\/div><\/div>\n\n\n\n<div class=\"wp-block-kadence-pane kt-accordion-pane kt-accordion-pane-11 kt-pane790_772d4d-ae\"><div class=\"kt-accordion-header-wrap\"><button class=\"kt-blocks-accordion-header kt-acccordion-button-label-show\" type=\"button\"><span class=\"kt-blocks-accordion-title-wrap\"><span class=\"kt-blocks-accordion-title\"><strong>Heures &amp; r\u00e9gions desservies<\/strong> ?<\/span><\/span><span class=\"kt-blocks-accordion-icon-trigger\"><\/span><\/button><\/div><div class=\"kt-accordion-panel\"><div class=\"kt-accordion-panel-inner\">\n<p><strong>Heures<\/strong> : Lundi\u2013Vendredi <strong>8 h \u00e0 17 h<\/strong> (HE). 24\/7 pour les urgences sous contrat.<br><strong>O\u00f9<\/strong> : Toute la province du Qu\u00e9bec.<\/p>\n<\/div><\/div><\/div>\n\n\n\n<div class=\"wp-block-kadence-pane kt-accordion-pane kt-accordion-pane-8 kt-pane790_11c931-91\"><div class=\"kt-accordion-header-wrap\"><button class=\"kt-blocks-accordion-header kt-acccordion-button-label-show\" type=\"button\"><span class=\"kt-blocks-accordion-title-wrap\"><span class=\"kt-blocks-accordion-title\"><strong>Travaillez-vous avec Microsoft 365 et Google Workspace ?<\/strong><\/span><\/span><span class=\"kt-blocks-accordion-icon-trigger\"><\/span><\/button><\/div><div class=\"kt-accordion-panel\"><div class=\"kt-accordion-panel-inner\">\n<p>Oui : migrations, s\u00e9curit\u00e9 (MFA\/MDM), gouvernance, sauvegarde et support au quotidien.<\/p>\n<\/div><\/div><\/div>\n<\/div><\/div><\/div>\n<\/div><\/div>\n\n\n\n\n\n<div class=\"wp-block-kadence-column kadence-column790_009812-67 inner-column-1\"><div class=\"kt-inside-inner-col\"><\/div><\/div>","protected":false},"excerpt":{"rendered":"","protected":false},"author":1,"featured_media":0,"parent":0,"menu_order":0,"comment_status":"closed","ping_status":"closed","template":"page-contact.php","meta":{"_swpsp_post_exclude":false,"footnotes":""},"class_list":["post-790","page","type-page","status-publish","hentry"],"_links":{"self":[{"href":"https:\/\/servitiq.ca\/en\/wp-json\/wp\/v2\/pages\/790","targetHints":{"allow":["GET"]}}],"collection":[{"href":"https:\/\/servitiq.ca\/en\/wp-json\/wp\/v2\/pages"}],"about":[{"href":"https:\/\/servitiq.ca\/en\/wp-json\/wp\/v2\/types\/page"}],"author":[{"embeddable":true,"href":"https:\/\/servitiq.ca\/en\/wp-json\/wp\/v2\/users\/1"}],"replies":[{"embeddable":true,"href":"https:\/\/servitiq.ca\/en\/wp-json\/wp\/v2\/comments?post=790"}],"version-history":[{"count":20,"href":"https:\/\/servitiq.ca\/en\/wp-json\/wp\/v2\/pages\/790\/revisions"}],"predecessor-version":[{"id":1588,"href":"https:\/\/servitiq.ca\/en\/wp-json\/wp\/v2\/pages\/790\/revisions\/1588"}],"wp:attachment":[{"href":"https:\/\/servitiq.ca\/en\/wp-json\/wp\/v2\/media?parent=790"}],"curies":[{"name":"wp","href":"https:\/\/api.w.org\/{rel}","templated":true}]}}